{"id":7051,"date":"2018-06-14T10:30:21","date_gmt":"2018-06-14T08:30:21","guid":{"rendered":"https:\/\/gasthausjaufenblick.com\/datenschutz\/"},"modified":"2018-08-31T11:27:09","modified_gmt":"2018-08-31T09:27:09","slug":"privacy","status":"publish","type":"page","link":"https:\/\/gasthausjaufenblick.com\/it\/privacy\/","title":{"rendered":"Privacy"},"content":{"rendered":"[vc_row type=&#8221;in_container&#8221; full_screen_row_position=&#8221;middle&#8221; scene_position=&#8221;center&#8221; text_color=&#8221;dark&#8221; text_align=&#8221;left&#8221; overlay_strength=&#8221;0.3&#8243; shape_divider_position=&#8221;bottom&#8221;][vc_column column_padding=&#8221;no-extra-padding&#8221; column_padding_position=&#8221;all&#8221; background_color_opacity=&#8221;1&#8243; background_hover_color_opacity=&#8221;1&#8243; column_shadow=&#8221;none&#8221; column_border_radius=&#8221;none&#8221; width=&#8221;1\/6&#8243; tablet_text_alignment=&#8221;default&#8221; phone_text_alignment=&#8221;default&#8221; column_border_width=&#8221;none&#8221; column_border_style=&#8221;solid&#8221;][\/vc_column][vc_column column_padding=&#8221;no-extra-padding&#8221; column_padding_position=&#8221;all&#8221; background_color_opacity=&#8221;1&#8243; background_hover_color_opacity=&#8221;1&#8243; column_shadow=&#8221;none&#8221; column_border_radius=&#8221;none&#8221; width=&#8221;2\/3&#8243; tablet_text_alignment=&#8221;default&#8221; phone_text_alignment=&#8221;default&#8221; column_border_width=&#8221;none&#8221; column_border_style=&#8221;solid&#8221;][vc_column_text]\n<h2 style=\"text-align: center;\">Privacy<\/h2>\n<p>&nbsp;<\/p>\n<p><strong>Informativa resa ai sensi del D.Lgs. del 30.06.2003 n. 196 \u201eCODICE DELLA PRIVACY\u201c<\/strong><\/p>\n<p>Ai sensi dell\u2019art. 13, Dlgs 30 giugno 2003 n. 196, INFORMIAMO che la nostra impresa\/societ\u00e0 tratta dati personali di clienti e fornitori e di soggetti che comunicano volontariamente (telefonicamente o via fax o via e-mail) i loro dati anagrafici alla nostra ditta.<\/p>\n<p>La nostra ditta garantisce nell\u2019ambito delle previsioni normative che il trattamento dei dati personali si svolge nel rispetto dei diritti e delle libert\u00e1 fondamentali, nonch\u00e9 della dignit\u00e1 dell\u2019interessato, con particolare riferimento alla riservatezza, all\u2019identit\u00e1 personale e al diritto alla protezione dei dati personali.<\/p>\n<p>Finalit\u00e0 del trattamento:<\/p>\n<ul>\n<li>adempiere agli obblighi di legge, dai regolamenti, dalla normativa comunitaria, da norme civilistiche e fiscali<\/li>\n<li>adempiere agli eventuali obblighi contrattuali nei confronti del interessato<\/li>\n<li>adempiere ad attivit\u00e1 connesse all\u2019attivit\u00e1 economica della nostra societ\u00e1, come compilazione delle anagrafiche e statistiche interne, per la fatturazione, la tenuta della contablit\u00e1 clienti-fornitori<\/li>\n<li>finalit\u00e0 di tipo commerciale, come invio di\u00a0 informazioni commerciali e materiale pubblicitario (via posta, fax ed e-mail), di marketing e ricerche di mercato<\/li>\n<li>la tutela dei crediti e la gestione dei debiti<\/li>\n<\/ul>\n<p>In relazione alle finalit\u00e0 di cui sopra i Suoi dati personali verranno comunicati se necessario:<\/p>\n<ul>\n<li>alle Pubbliche Amministrazioni ed Autorit\u00e0, ove previsto dalla legge<\/li>\n<li>ad Istituti di credito con i quali la ns. ditta ha rapporti per la gestione dei crediti\/debiti e l\u2019intermediazione finanziaria<\/li>\n<li>a tutte quelle persone fisiche e\/o giuridiche, pubbliche e\/o private (studi di consulenza legale, amministrativa e fiscale, uffici giudiziari, Camere di Commercio ecc.), quando la comunicazione risulti necessaria o funzionale allo svolgimento della nostra attivit\u00e1 e nei modi e per le finalit\u00e1 sopra elencate<\/li>\n<\/ul>\n<p>I dati personali trattati dalla nostra ditta non sono soggetti a diffusione.<\/p>\n<p>Il trattamento potr\u00e0 effettuarsi con o senza l\u2019ausilio di mezzi elettronici e comunque automatizzati e comprender\u00e0 tutte le operazioni previste all\u2019art. 4 comma 1, lettera a, Dlgs 30 giugno 2003 n. 196 e necessarie al trattamento in questione. Comunque il trattamento sar\u00e1 effettuato nell\u2019osservanza di ogni misura cautelativa, che ne garantisca la sicurezza e la riservatezza.<\/p>\n<p>Il Codice della Privacy conferisce agli interessati l\u2019esercizio di specifici diritti di cui all\u2019art. 7. In particolare pu\u00f3 ottenere dal titolare la conferma dell\u2019esistenza o meno di propri dati personali che lo riguardano e la loro comunicazione in forma intelligibile. L\u2019interessato pu\u00f3 altres\u00ed chiedere di conoscere l\u2019origine dei dati, le finalit\u00e1 e modalit\u00e0 del trattamento nonch\u00e9 la logica applicato in caso trattamento effettuato con l\u2019ausilio di strumenti elettronici, l\u2019identificazione degli estremi identificativi del titolare, dei responsabili nominati e dei soggetti e categorie di soggetti ai quali i dati possono essere comunicati o che possono venire a conoscenza.<\/p>\n<p>L\u2019interessato ha il diritto di ottenere l\u2019aggiornamento, la rettificazione, l\u2019integrazione, la cancellazione, la trasformazione in via anonima o il blocco dei dati trattati in violazione di legge. L\u2019interessato ha diritto di opporsi, in tutto o in parte, per motivi legittimi al trattamento dei dati personali che lo riguardano, ancorch\u00e9 pertinenti allo scopo della raccolta, e senza motivo al trattamento che lo riguarda a fini di invio di materiale pubblicitario o di vendita diretta o per il compimento di ricerche di mercato o di comunicazione commerciale. I diritti in oggetto possono essere esercitati, anche per il tramite di un incaricato, mediante richiesta rivolta al responsabile nominato<\/p>\n<p>Gufler Helmut<br \/>\nvia Vallone Montaccio 5<br \/>\nI-39010 S. Martino in Passiria (BZ)<br \/>\nTel.: +39 0473 64 10 27<br \/>\neMail: <span id=\"cloak95896\"><span id=\"cloakf1123a66255ab6f707ec276670066595\"><a href=\"mailto:info@gasthausjaufenblick.com\">info@gasthausjaufenblick.com<\/a><\/span><\/span><br \/>\nPEC: <span id=\"cloak46b6403470bd2d8c6cd1e75389723496\"><a href=\"mailto:gufler.helmut@legalmail.it\">gufler.helmut@legalmail.it<\/a><\/span><\/p>\n<p>con lettera raccomandata o e-mail.<\/p>\n<p><strong>Il titolare del trattamento in oggetto \u00e8:<\/strong><\/p>\n<p>Gasthaus Jaufenblick<br \/>\nGufler Helmut &amp; Roland SAS<br \/>\nvia Vallone Montaccio 5<br \/>\nI-39010 S. Martino in Passiria (BZ)<br \/>\nTel. +39 0473 641027<br \/>\n<span id=\"cloak282f21f2e80ec8dd114c420d136107b9\"><a href=\"mailto:info@gasthausjaufenblick.com\">info@gasthausjaufenblick.com<\/a><\/span><br \/>\nPEC: <span id=\"cloakc9359bed44dc624c4c9bf652980e4644\"><a href=\"mailto:gufler.helmut@legalmail.it\">gufler.helmut@legalmail.it<\/a><\/span><\/p>\n<p><strong>in persona del legale rappresentante sig.<\/strong><\/p>\n<p>Gufler Helmut<br \/>\nvia Vallone Montaccio 5<br \/>\nI-39010 S. Martino in Passiria (BZ)<br \/>\nTel. +39 0473 641027<span id=\"cloak8d100e8aab775591ceb41eec73bf1865\"><br \/>\n<a href=\"mailto:info@gasthausjaufenblick.com\">info@gasthausjaufenblick.com<\/a><\/span><br \/>\nPEC: <span id=\"cloakfaacd3390eab00be32eb39d5dbff001a\"><a href=\"mailto:gufler.helmut@legalmail.it\">gufler.helmut@legalmail.it<\/a><\/span><\/p>\n<p><strong>Il responsabile del trattamento in oggetto \u00e8<br \/>\n<\/strong><\/p>\n<p>Gufler Helmut<br \/>\nvia Vallone Montaccio 5<br \/>\nI-39010 S. Martino in Passiria (BZ)<br \/>\nTel. +39 0473 641027<span id=\"cloakae5a5ab8c238972a660516205ed1a55f\"><br \/>\n<a href=\"mailto:info@gasthausjaufenblick.com\">info@gasthausjaufenblick.com<\/a><\/span><br \/>\nPEC: <span id=\"cloak6a603efa6ddc831baaf36b927dcd9d33\"><a href=\"mailto:gufler.helmut@legalmail.it\">gufler.helmut@legalmail.it<\/a><\/span>[\/vc_column_text][\/vc_column][vc_column column_padding=&#8221;no-extra-padding&#8221; column_padding_position=&#8221;all&#8221; background_color_opacity=&#8221;1&#8243; background_hover_color_opacity=&#8221;1&#8243; column_shadow=&#8221;none&#8221; column_border_radius=&#8221;none&#8221; width=&#8221;1\/6&#8243; tablet_text_alignment=&#8221;default&#8221; phone_text_alignment=&#8221;default&#8221; column_border_width=&#8221;none&#8221; column_border_style=&#8221;solid&#8221;][\/vc_column][\/vc_row]\n","protected":false},"excerpt":{"rendered":"<p>[vc_row type=&#8221;in_container&#8221; full_screen_row_position=&#8221;middle&#8221; scene_position=&#8221;center&#8221; text_color=&#8221;dark&#8221; text_align=&#8221;left&#8221; overlay_strength=&#8221;0.3&#8243; shape_divider_position=&#8221;bottom&#8221;][vc_column column_padding=&#8221;no-extra-padding&#8221; column_padding_position=&#8221;all&#8221; background_color_opacity=&#8221;1&#8243; background_hover_color_opacity=&#8221;1&#8243; column_shadow=&#8221;none&#8221; column_border_radius=&#8221;none&#8221; width=&#8221;1\/6&#8243;&#8230;<\/p>\n","protected":false},"author":2,"featured_media":0,"parent":0,"menu_order":11,"comment_status":"closed","ping_status":"closed","template":"","meta":{"footnotes":""},"class_list":["post-7051","page","type-page","status-publish"],"_links":{"self":[{"href":"https:\/\/gasthausjaufenblick.com\/it\/wp-json\/wp\/v2\/pages\/7051","targetHints":{"allow":["GET"]}}],"collection":[{"href":"https:\/\/gasthausjaufenblick.com\/it\/wp-json\/wp\/v2\/pages"}],"about":[{"href":"https:\/\/gasthausjaufenblick.com\/it\/wp-json\/wp\/v2\/types\/page"}],"author":[{"embeddable":true,"href":"https:\/\/gasthausjaufenblick.com\/it\/wp-json\/wp\/v2\/users\/2"}],"replies":[{"embeddable":true,"href":"https:\/\/gasthausjaufenblick.com\/it\/wp-json\/wp\/v2\/comments?post=7051"}],"version-history":[{"count":0,"href":"https:\/\/gasthausjaufenblick.com\/it\/wp-json\/wp\/v2\/pages\/7051\/revisions"}],"wp:attachment":[{"href":"https:\/\/gasthausjaufenblick.com\/it\/wp-json\/wp\/v2\/media?parent=7051"}],"curies":[{"name":"wp","href":"https:\/\/api.w.org\/{rel}","templated":true}]}}